{"id":1796,"date":"2025-06-25T11:43:44","date_gmt":"2025-06-25T11:43:44","guid":{"rendered":"https:\/\/iscmfoundation.org\/allgemeine-geschaeftsbedingungen\/"},"modified":"2025-06-25T11:43:44","modified_gmt":"2025-06-25T11:43:44","slug":"allgemeine-geschaeftsbedingungen","status":"publish","type":"page","link":"https:\/\/iscmfoundation.org\/de\/allgemeine-geschaeftsbedingungen\/","title":{"rendered":"Allgemeine Gesch\u00e4ftsbedingungen"},"content":{"rendered":"<p style=\"font-weight: 400;\">Allgemeine Gesch\u00e4ftsbedingungen f\u00fcr die Nutzung der Websites von ISCM Foundation<\/p>\n<p style=\"font-weight: 400;\"><strong>Einf\u00fchrung<\/strong><\/p>\n<p style=\"font-weight: 400;\">Diese auf dieser Webseite verfassten Allgemeinen Gesch\u00e4ftsbedingungen regeln Ihre Nutzung unserer Websites: ISCMfoundation.org, SimulationCentre.org, ISCMtrust.org und MyDaysForFuture.org \u2013 im Folgenden \u201eWebsite\u201c genannt.<\/p>\n<p style=\"font-weight: 400;\">Diese Bedingungen werden vollst\u00e4ndig angewendet und wirken sich auf Ihre Nutzung dieser Website aus. Durch die Nutzung dieser Website erkl\u00e4ren Sie sich mit allen hierin enthaltenen Bedingungen einverstanden. Sie d\u00fcrfen diese Website nicht nutzen, wenn Sie mit einer dieser Website-Bedingungen nicht einverstanden sind.  <\/p>\n<p style=\"font-weight: 400;\"><strong>Rechte an geistigem Eigentum<\/strong><\/p>\n<p style=\"font-weight: 400;\">Abgesehen von den Inhalten, die Sie besitzen, sind ISCM Foundation und\/oder seine Lizenzgeber gem\u00e4\u00df diesen Bedingungen Eigent\u00fcmer aller geistigen Eigentumsrechte und Materialien, die auf dieser Website enthalten sind.<\/p>\n<p style=\"font-weight: 400;\">Ihnen wird eine beschr\u00e4nkte Lizenz nur zum Zwecke der Betrachtung des auf dieser Website enthaltenen Materials erteilt.<\/p>\n<p style=\"font-weight: 400;\"><strong>Einschr\u00e4nkungen<\/strong><\/p>\n<p style=\"font-weight: 400;\">Ihnen ist Folgendes ausdr\u00fccklich untersagt:<\/p>\n<ul style=\"font-weight: 400;\">\n<li>Ver\u00f6ffentlichung von Website-Material in anderen Medien;<\/li>\n<li>Verkauf, Unterlizenzierung und\/oder anderweitige Kommerzialisierung von Website-Material;<\/li>\n<li>\u00f6ffentliche Auff\u00fchrung und\/oder Darstellung von Website-Material;<\/li>\n<li>Nutzung dieser Website in einer Weise, die dieser Website schaden kann oder schadet;<\/li>\n<li>Nutzung dieser Website in einer Weise, die den Benutzerzugriff auf diese Website beeintr\u00e4chtigt;<\/li>\n<li>Nutzung dieser Website entgegen den geltenden Gesetzen und Vorschriften oder in einer Weise, die der Website oder einer Person oder einem Unternehmen Schaden zuf\u00fcgen kann;<\/li>\n<li>Beteiligung an Data Mining, Data Harvesting, Datenextraktion oder \u00e4hnlichen Aktivit\u00e4ten in Bezug auf diese Website;<\/li>\n<li>Nutzung dieser Website f\u00fcr Werbung oder Marketing.<\/li>\n<\/ul>\n<p style=\"font-weight: 400;\">Bestimmte Bereiche dieser Website sind f\u00fcr Sie nicht zug\u00e4nglich, und ISCM Foundation kann den Zugriff auf beliebige Bereiche dieser Website jederzeit nach eigenem Ermessen weiter einschr\u00e4nken. Alle Benutzer-IDs und Passw\u00f6rter, die Sie f\u00fcr diese Website haben, sind vertraulich, und Sie m\u00fcssen die Vertraulichkeit ebenfalls wahren. <\/p>\n<p style=\"font-weight: 400;\"><strong>Ihre Inhalte<\/strong><\/p>\n<p style=\"font-weight: 400;\">In diesen Allgemeinen Gesch\u00e4ftsbedingungen f\u00fcr die Website bezeichnet \u201eIhre Inhalte\u201c alle Audio-, Video-, Text-, Bild- oder sonstigen Materialien, die Sie auf dieser Website anzeigen m\u00f6chten. Durch die Anzeige Ihrer Inhalte gew\u00e4hren Sie ISCM Foundation eine nicht-exklusive, weltweite, unwiderrufliche, unterlizenzierbare Lizenz zur Nutzung, Reproduktion, Anpassung, Ver\u00f6ffentlichung, \u00dcbersetzung und Verbreitung in allen Medien. <\/p>\n<p style=\"font-weight: 400;\">Ihre Inhalte m\u00fcssen Ihre eigenen sein und d\u00fcrfen keine Rechte Dritter verletzen. ISCM Foundation beh\u00e4lt sich das Recht vor, Ihre Inhalte jederzeit und ohne Vorank\u00fcndigung von dieser Website zu entfernen. <\/p>\n<p style=\"font-weight: 400;\"><strong>Spenden<\/strong><\/p>\n<p style=\"font-weight: 400;\">Sie k\u00f6nnen per Kredit- oder Debitkarte, \u00fcber PayPal, per Scheck oder Bank\u00fcberweisung spenden.<\/p>\n<p style=\"font-weight: 400;\">Sie versichern, dass alle Angaben, die Sie uns zum Zwecke einer Spende auf der Website machen, korrekt sind, dass die von Ihnen verwendete Kredit- oder Debitkarte oder ein elektronisches Zahlungsmittel Ihnen geh\u00f6rt und dass ausreichende Mittel oder Kreditfazilit\u00e4ten zur Deckung Ihrer Spende vorhanden sind. Wir behalten uns das Recht vor, die Angaben Ihrer Kredit- oder Debitkarte zu validieren oder die Echtheit und das Eigentum dieser Zahlungsmethoden zu \u00fcberpr\u00fcfen, bevor wir weitere Schritte zur Bearbeitung Ihrer Spende unternehmen. Wir k\u00f6nnen auch die Bearbeitung einer von Ihnen get\u00e4tigten Spende ablehnen.  <\/p>\n<p style=\"font-weight: 400;\">Die gespendeten Gelder werden Ihrer gew\u00e4hlten Initiative zugewiesen. Wenn Sie keine bestimmte Initiative ausw\u00e4hlen, die Sie finanzieren m\u00f6chten, behalten wir uns das Recht vor, Ihre Spende nach unserem Ermessen an andere Initiativen zu verteilen. <\/p>\n<p style=\"font-weight: 400;\">ISCM Foundation beh\u00e4lt bei Spenden eine Wohlt\u00e4tigkeitsunterst\u00fctzungsgeb\u00fchr von 20 % sowie zus\u00e4tzliche Bearbeitungsgeb\u00fchren Dritter von 4 % Festgeb\u00fchr und anfallende variable Geb\u00fchren ein.<\/p>\n<p style=\"font-weight: 400;\">Bitte beachten Sie, dass alle Spenden nicht erstattungsf\u00e4hig sind.<\/p>\n<p style=\"font-weight: 400;\">Wenn Sie Kenntnis von einer betr\u00fcgerischen Nutzung Ihrer Karte erhalten, m\u00fcssen Sie Ihren Kartenanbieter unverz\u00fcglich benachrichtigen.<\/p>\n<p style=\"font-weight: 400;\">Wir bieten keine Buchhaltungs-, Steuer- oder Finanzberatung an, und Sie sollten sich nicht auf Informationen auf unserer Website verlassen, um die buchhalterischen, steuerlichen oder finanziellen Folgen einer Spende \u00fcber die Website zu bestimmen.<\/p>\n<p style=\"font-weight: 400;\"><strong>Keine Garantien<\/strong><\/p>\n<p style=\"font-weight: 400;\">Diese Website wird \u201ewie besehen\u201c und mit allen Fehlern bereitgestellt, und ISCM Foundation gibt keinerlei Zusicherungen oder Garantien in Bezug auf diese Website oder die auf dieser Website enthaltenen Materialien ab. Auch ist nichts auf dieser Website als Beratung f\u00fcr Sie auszulegen. <\/p>\n<p style=\"font-weight: 400;\"><strong>Haftungsbeschr\u00e4nkung<\/strong><\/p>\n<p style=\"font-weight: 400;\">In keinem Fall haften ISCM Foundation oder seine leitenden Angestellten, Direktoren und Mitarbeiter f\u00fcr irgendetwas, das sich aus oder in irgendeiner Weise im Zusammenhang mit Ihrer Nutzung dieser Website ergibt, unabh\u00e4ngig davon, ob eine solche Haftung vertraglich ist. ISCM Foundation, einschlie\u00dflich seiner leitenden Angestellten, Direktoren, Mitglieder und Mitarbeiter, haftet nicht f\u00fcr indirekte, Folgesch\u00e4den oder besondere Haftung, die sich aus oder in irgendeiner Weise im Zusammenhang mit Ihrer Nutzung dieser Website ergeben. <\/p>\n<p style=\"font-weight: 400;\"><strong>Schadensersatz<\/strong><\/p>\n<p style=\"font-weight: 400;\">Sie stellen hiermit ISCM Foundation im gr\u00f6\u00dftm\u00f6glichen Umfang von und gegen jegliche und\/oder alle Verbindlichkeiten, Kosten, Forderungen, Klagegr\u00fcnde, Sch\u00e4den und Ausgaben frei, die sich in irgendeiner Weise im Zusammenhang mit Ihrer Verletzung einer der Bestimmungen dieser Bedingungen ergeben.<\/p>\n<p style=\"font-weight: 400;\"><strong>Salvatorische Klausel<\/strong><\/p>\n<p style=\"font-weight: 400;\">Sollte eine Bestimmung dieser Bedingungen nach geltendem Recht ung\u00fcltig sein, so werden diese Bestimmungen gel\u00f6scht, ohne die \u00fcbrigen Bestimmungen hierin zu beeintr\u00e4chtigen.<\/p>\n<p style=\"font-weight: 400;\"><strong>\u00c4nderung der Bedingungen<\/strong><\/p>\n<p style=\"font-weight: 400;\">ISCM Foundation ist berechtigt, diese Bedingungen jederzeit nach eigenem Ermessen zu \u00fcberarbeiten, und durch die Nutzung dieser Website wird von Ihnen erwartet, dass Sie diese Bedingungen regelm\u00e4\u00dfig \u00fcberpr\u00fcfen.<\/p>\n<p style=\"font-weight: 400;\"><strong>Abtretung<\/strong><\/p>\n<p style=\"font-weight: 400;\">ISCM Foundation ist es gestattet, seine Rechte und\/oder Pflichten aus diesen Bedingungen ohne Benachrichtigung abzutreten, zu \u00fcbertragen und unterzuvergeben. Es ist Ihnen jedoch nicht gestattet, Ihre Rechte und\/oder Pflichten aus diesen Bedingungen abzutreten, zu \u00fcbertragen oder unterzuvergeben. <\/p>\n<p style=\"font-weight: 400;\"><strong>Gesamte Vereinbarung<\/strong><\/p>\n<p style=\"font-weight: 400;\">Diese Bedingungen stellen die gesamte Vereinbarung zwischen ISCM Foundation und Ihnen in Bezug auf Ihre Nutzung dieser Website dar und ersetzen alle fr\u00fcheren Vereinbarungen und Absprachen.<\/p>\n<p style=\"font-weight: 400;\"><strong>Geltendes Recht &amp; Gerichtsstand<\/strong><\/p>\n<p style=\"font-weight: 400;\">Diese Bedingungen unterliegen den Gesetzen Belgiens und werden in \u00dcbereinstimmung mit diesen ausgelegt, und Sie unterwerfen sich der nicht-ausschlie\u00dflichen Gerichtsbarkeit des Gerichts in Amsterdam, Niederlande, zur Beilegung von Streitigkeiten.<\/p>\n<p>&nbsp;<\/p>\n","protected":false},"excerpt":{"rendered":"<p>Allgemeine Gesch\u00e4ftsbedingungen f\u00fcr die Nutzung der Websites von ISCM Foundation Einf\u00fchrung Diese auf dieser Webseite verfassten Allgemeinen Gesch\u00e4ftsbedingungen regeln Ihre Nutzung unserer Websites: ISCMfoundation.org, SimulationCentre.org, ISCMtrust.org und MyDaysForFuture.org \u2013 im Folgenden \u201eWebsite\u201c genannt. Diese Bedingungen werden vollst\u00e4ndig angewendet und wirken sich auf Ihre Nutzung dieser Website aus. Durch die Nutzung dieser Website erkl\u00e4ren Sie sich [&hellip;]<\/p>\n","protected":false},"author":1,"featured_media":0,"parent":0,"menu_order":0,"comment_status":"closed","ping_status":"closed","template":"","meta":{"_et_pb_use_builder":"","_et_pb_old_content":"","_et_gb_content_width":"","footnotes":""},"class_list":["post-1796","page","type-page","status-publish","hentry"],"_links":{"self":[{"href":"https:\/\/iscmfoundation.org\/de\/wp-json\/wp\/v2\/pages\/1796","targetHints":{"allow":["GET"]}}],"collection":[{"href":"https:\/\/iscmfoundation.org\/de\/wp-json\/wp\/v2\/pages"}],"about":[{"href":"https:\/\/iscmfoundation.org\/de\/wp-json\/wp\/v2\/types\/page"}],"author":[{"embeddable":true,"href":"https:\/\/iscmfoundation.org\/de\/wp-json\/wp\/v2\/users\/1"}],"replies":[{"embeddable":true,"href":"https:\/\/iscmfoundation.org\/de\/wp-json\/wp\/v2\/comments?post=1796"}],"version-history":[{"count":0,"href":"https:\/\/iscmfoundation.org\/de\/wp-json\/wp\/v2\/pages\/1796\/revisions"}],"wp:attachment":[{"href":"https:\/\/iscmfoundation.org\/de\/wp-json\/wp\/v2\/media?parent=1796"}],"curies":[{"name":"wp","href":"https:\/\/api.w.org\/{rel}","templated":true}]}}