{"id":2714,"date":"2025-06-27T13:35:34","date_gmt":"2025-06-27T13:35:34","guid":{"rendered":"https:\/\/iscmfoundation.org\/loesungen\/systemic-infrastructure-solutions\/"},"modified":"2025-07-18T10:40:28","modified_gmt":"2025-07-18T10:40:28","slug":"systemic-infrastructure-solutions","status":"publish","type":"page","link":"https:\/\/iscmfoundation.org\/de\/loesungen\/systemic-infrastructure-solutions\/","title":{"rendered":"Systemic Infrastructure Solutions"},"content":{"rendered":"<p>[et_pb_section fb_built=&#8220;1&#8243; _builder_version=&#8220;4.27.4&#8243; _module_preset=&#8220;default&#8220; background_image=&#8220;https:\/\/iscmfoundation.org\/wp-content\/uploads\/2025\/06\/4b.Solutions-Page_SIS.jpg&#8220; height=&#8220;600px&#8220; height_tablet=&#8220;600px&#8220; height_phone=&#8220;300px&#8220; height_last_edited=&#8220;on|phone&#8220; global_colors_info=&#8220;{}&#8220;][et_pb_row _builder_version=&#8220;4.27.4&#8243; _module_preset=&#8220;default&#8220; global_colors_info=&#8220;{}&#8220;][et_pb_column type=&#8220;4_4&#8243; _builder_version=&#8220;4.27.4&#8243; _module_preset=&#8220;default&#8220; global_colors_info=&#8220;{}&#8220;][et_pb_text _builder_version=&#8220;4.27.4&#8243; _module_preset=&#8220;default&#8220; header_2_font=&#8220;|700|||||||&#8220; header_2_text_color=&#8220;#5960a8&#8243; header_2_font_size=&#8220;45px&#8220; header_2_line_height=&#8220;1.2em&#8220; background_enable_color=&#8220;off&#8220; custom_margin=&#8220;5%||||false|false&#8220; custom_padding_tablet=&#8220;&#8220; custom_padding_phone=&#8220;|||5%|false|false&#8220; custom_padding_last_edited=&#8220;on|phone&#8220; header_2_text_color_tablet=&#8220;#5960a8&#8243; header_2_text_color_phone=&#8220;#5960a8&#8243; header_2_text_color_last_edited=&#8220;on|phone&#8220; header_2_font_size_tablet=&#8220;&#8220; header_2_font_size_phone=&#8220;30px&#8220; header_2_font_size_last_edited=&#8220;on|phone&#8220; background_last_edited=&#8220;on|phone&#8220; background_enable_color_phone=&#8220;off&#8220; global_colors_info=&#8220;{}&#8220;]<\/p>\n<h2>Systemische<br \/>Infrastruktur-<br \/>l\u00f6sungen<\/h2>\n<p>[\/et_pb_text][\/et_pb_column][\/et_pb_row][\/et_pb_section][et_pb_section fb_built=&#8220;1&#8243; _builder_version=&#8220;4.27.4&#8243; _module_preset=&#8220;default&#8220; custom_margin=&#8220;||0px||false|false&#8220; custom_padding=&#8220;||0px||false|false&#8220; global_colors_info=&#8220;{}&#8220;][et_pb_row _builder_version=&#8220;4.27.4&#8243; _module_preset=&#8220;default&#8220; global_colors_info=&#8220;{}&#8220;][et_pb_column type=&#8220;4_4&#8243; _builder_version=&#8220;4.27.4&#8243; _module_preset=&#8220;default&#8220; global_colors_info=&#8220;{}&#8220;][et_pb_text _builder_version=&#8220;4.27.4&#8243; _module_preset=&#8220;default&#8220; text_font_size=&#8220;16px&#8220; header_2_text_color=&#8220;#5960a8&#8243; header_3_font=&#8220;|700|||||||&#8220; header_3_text_color=&#8220;#333333&#8243; header_3_line_height=&#8220;1.2em&#8220; hover_enabled=&#8220;0&#8243; global_colors_info=&#8220;{}&#8220; sticky_enabled=&#8220;0&#8243;]<\/p>\n<h3 style=\"text-align: center;\">Im Rahmen dieser zukunftsweisenden Initiative wird die Systemic Infrastructure Solutions GmbH mit Sitz in Wien, \u00d6sterreich, eine entscheidende Rolle bei der Implementierung gr\u00fcner, innovativer L\u00f6sungen f\u00fcr die Verarbeitung gef\u00e4hrlicher Baumaterialien spielen.<\/h3>\n<p style=\"text-align: center;\">\n<p style=\"text-align: center;\">Systemic Infrastructure Solutions GmbH wird sich auf Folgendes konzentrieren:<\/p>\n<p>[\/et_pb_text][\/et_pb_column][\/et_pb_row][\/et_pb_section][et_pb_section fb_built=&#8220;1&#8243; disabled_on=&#8220;off|off|off&#8220; _builder_version=&#8220;4.27.4&#8243; _module_preset=&#8220;default&#8220; background_color=&#8220;#FFFFFF&#8220; custom_margin=&#8220;0px||||false|false&#8220; custom_padding=&#8220;0px||20px||false|false&#8220; global_colors_info=&#8220;{}&#8220;][et_pb_row column_structure=&#8220;1_4,3_4&#8243; _builder_version=&#8220;4.27.4&#8243; _module_preset=&#8220;default&#8220; background_color=&#8220;#EBEBEB&#8220; global_colors_info=&#8220;{}&#8220;][et_pb_column type=&#8220;1_4&#8243; _builder_version=&#8220;4.27.4&#8243; _module_preset=&#8220;default&#8220; global_colors_info=&#8220;{}&#8220;][et_pb_image src=&#8220;https:\/\/iscmfoundation.org\/wp-content\/uploads\/2025\/06\/Icon-1-1.png&#8220; title_text=&#8220;Symbol 1&#8243; align=&#8220;center&#8220; _builder_version=&#8220;4.27.4&#8243; _module_preset=&#8220;default&#8220; max_width=&#8220;100px&#8220; global_colors_info=&#8220;{}&#8220;][\/et_pb_image][\/et_pb_column][et_pb_column type=&#8220;3_4&#8243; _builder_version=&#8220;4.27.4&#8243; _module_preset=&#8220;default&#8220; global_colors_info=&#8220;{}&#8220;][et_pb_text _builder_version=&#8220;4.27.4&#8243; _module_preset=&#8220;default&#8220; header_3_font=&#8220;||||||||&#8220; header_3_text_color=&#8220;#5960a8&#8243; header_4_font=&#8220;|700|||||||&#8220; header_4_text_color=&#8220;#333333&#8243; custom_padding=&#8220;20px|2%||2%|false|false&#8220; header_3_text_align_tablet=&#8220;&#8220; header_3_text_align_phone=&#8220;center&#8220; header_3_text_align_last_edited=&#8220;on|phone&#8220; global_colors_info=&#8220;{}&#8220;]<\/p>\n<h3><strong>Entfernung aller gef\u00e4hrlichen Eigenschaften aus AMF-Abf\u00e4llen (k\u00fcnstliche Mineralfasern), <\/strong>um sicherzustellen, dass diese nicht mehr als gef\u00e4hrlich eingestuft werden.<\/h3>\n<p>[\/et_pb_text][\/et_pb_column][\/et_pb_row][\/et_pb_section][et_pb_section fb_built=&#8220;1&#8243; disabled_on=&#8220;off|off|off&#8220; _builder_version=&#8220;4.27.4&#8243; _module_preset=&#8220;default&#8220; background_color=&#8220;#FFFFFF&#8220; custom_margin=&#8220;0px||||false|false&#8220; custom_padding=&#8220;0px||20px||false|false&#8220; global_colors_info=&#8220;{}&#8220;][et_pb_row column_structure=&#8220;1_4,3_4&#8243; _builder_version=&#8220;4.27.4&#8243; _module_preset=&#8220;default&#8220; background_color=&#8220;#EBEBEB&#8220; global_colors_info=&#8220;{}&#8220;][et_pb_column type=&#8220;1_4&#8243; _builder_version=&#8220;4.27.4&#8243; _module_preset=&#8220;default&#8220; global_colors_info=&#8220;{}&#8220;][et_pb_image src=&#8220;https:\/\/iscmfoundation.org\/wp-content\/uploads\/2025\/06\/Icon-2-1.png&#8220; title_text=&#8220;Symbol 2&#8243; align=&#8220;center&#8220; _builder_version=&#8220;4.27.4&#8243; _module_preset=&#8220;default&#8220; max_width=&#8220;100px&#8220; global_colors_info=&#8220;{}&#8220;][\/et_pb_image][\/et_pb_column][et_pb_column type=&#8220;3_4&#8243; _builder_version=&#8220;4.27.4&#8243; _module_preset=&#8220;default&#8220; global_colors_info=&#8220;{}&#8220;][et_pb_text _builder_version=&#8220;4.27.4&#8243; _module_preset=&#8220;default&#8220; header_3_font=&#8220;||||||||&#8220; header_3_text_color=&#8220;#5960a8&#8243; header_4_font=&#8220;|700|||||||&#8220; header_4_text_color=&#8220;#333333&#8243; custom_padding=&#8220;20px|2%||2%|false|false&#8220; header_3_text_align_tablet=&#8220;&#8220; header_3_text_align_phone=&#8220;center&#8220; header_3_text_align_last_edited=&#8220;on|phone&#8220; global_colors_info=&#8220;{}&#8220;]<\/p>\n<h3><strong>Verarbeitung von AMF-Abf\u00e4llen zu umweltfreundlichen Materialien,<\/strong> im Einklang mit nationalen und europ\u00e4ischen Nachhaltigkeitszielen.<\/h3>\n<p>[\/et_pb_text][\/et_pb_column][\/et_pb_row][\/et_pb_section][et_pb_section fb_built=&#8220;1&#8243; disabled_on=&#8220;off|off|off&#8220; _builder_version=&#8220;4.27.4&#8243; _module_preset=&#8220;default&#8220; background_color=&#8220;#FFFFFF&#8220; custom_margin=&#8220;0px||||false|false&#8220; custom_padding=&#8220;0px||20px||false|false&#8220; global_colors_info=&#8220;{}&#8220;][et_pb_row column_structure=&#8220;1_4,3_4&#8243; _builder_version=&#8220;4.27.4&#8243; _module_preset=&#8220;default&#8220; background_color=&#8220;#EBEBEB&#8220; global_colors_info=&#8220;{}&#8220;][et_pb_column type=&#8220;1_4&#8243; _builder_version=&#8220;4.27.4&#8243; _module_preset=&#8220;default&#8220; global_colors_info=&#8220;{}&#8220;][et_pb_image src=&#8220;https:\/\/iscmfoundation.org\/wp-content\/uploads\/2025\/06\/Icon-3-1.png&#8220; title_text=&#8220;Symbol 3&#8243; align=&#8220;center&#8220; _builder_version=&#8220;4.27.4&#8243; _module_preset=&#8220;default&#8220; max_width=&#8220;100px&#8220; global_colors_info=&#8220;{}&#8220;][\/et_pb_image][\/et_pb_column][et_pb_column type=&#8220;3_4&#8243; _builder_version=&#8220;4.27.4&#8243; _module_preset=&#8220;default&#8220; global_colors_info=&#8220;{}&#8220;][et_pb_text _builder_version=&#8220;4.27.4&#8243; _module_preset=&#8220;default&#8220; header_3_font=&#8220;||||||||&#8220; header_3_text_color=&#8220;#5960a8&#8243; header_4_font=&#8220;|700|||||||&#8220; header_4_text_color=&#8220;#333333&#8243; custom_padding=&#8220;20px|2%||2%|false|false&#8220; header_3_text_align_tablet=&#8220;&#8220; header_3_text_align_phone=&#8220;center&#8220; header_3_text_align_last_edited=&#8220;on|phone&#8220; global_colors_info=&#8220;{}&#8220;]<\/p>\n<h3><strong>Entwicklung innovativer Behandlungsl\u00f6sungen,<\/strong> die ehemals gef\u00e4hrliche Stoffe in nutzbare Materialien f\u00fcr verschiedene Industrien, wie Bauwesen und Fertigung, umwandeln.<\/h3>\n<p>[\/et_pb_text][\/et_pb_column][\/et_pb_row][\/et_pb_section][et_pb_section fb_built=&#8220;1&#8243; disabled_on=&#8220;off|off|off&#8220; _builder_version=&#8220;4.27.4&#8243; _module_preset=&#8220;default&#8220; background_color=&#8220;#FFFFFF&#8220; custom_margin=&#8220;0px||||false|false&#8220; custom_padding=&#8220;0px||20px||false|false&#8220; global_colors_info=&#8220;{}&#8220;][\/et_pb_section][et_pb_section fb_built=&#8220;1&#8243; _builder_version=&#8220;4.27.4&#8243; _module_preset=&#8220;default&#8220; custom_margin=&#8220;0px||0px||false|false&#8220; custom_padding=&#8220;0px||0px||false|false&#8220; global_colors_info=&#8220;{}&#8220;][et_pb_row _builder_version=&#8220;4.27.4&#8243; _module_preset=&#8220;default&#8220; custom_margin=&#8220;||0px||false|false&#8220; custom_padding=&#8220;||0px||false|false&#8220; global_colors_info=&#8220;{}&#8220;][et_pb_column type=&#8220;4_4&#8243; _builder_version=&#8220;4.27.4&#8243; _module_preset=&#8220;default&#8220; global_colors_info=&#8220;{}&#8220;][et_pb_text _builder_version=&#8220;4.27.4&#8243; _module_preset=&#8220;default&#8220; header_3_text_color=&#8220;rgba(0,0,0,0.81)&#8220; header_4_text_color=&#8220;#000000&#8243; global_colors_info=&#8220;{}&#8220;]<\/p>\n<h4 style=\"text-align: center;\">Diese Zusammenarbeit mit Systemic Infrastructure Solutions GmbH zeigt die konkreten Schritte, die unternommen werden<br \/>hin zu einer nachhaltigeren Zukunft f\u00fcr die Abfallwirtschaft in der Bauindustrie.<\/h4>\n<p style=\"text-align: center;\">\n<p style=\"text-align: center;\">\n<h3 style=\"text-align: center;\"><strong><span lang=\"EN-GB\">Wir wenden unsere technologischen und finanziellen L\u00f6sungen mit kurzer Vorlaufzeit an.<\/span><\/strong><\/h3>\n<div style=\"text-align: center;\"><\/div>\n<p>[\/et_pb_text][\/et_pb_column][\/et_pb_row][\/et_pb_section][et_pb_section fb_built=&#8220;1&#8243; admin_label=&#8220;Section&#8220; _builder_version=&#8220;4.27.4&#8243; _module_preset=&#8220;default&#8220; background_color=&#8220;#FFFFFF&#8220; custom_margin=&#8220;0px||0px||false|false&#8220; custom_padding=&#8220;0px||0px||false|false&#8220; global_module=&#8220;727&#8243; global_colors_info=&#8220;{}&#8220;][et_pb_row _builder_version=&#8220;4.27.4&#8243; _module_preset=&#8220;default&#8220; global_colors_info=&#8220;{}&#8220;][et_pb_column type=&#8220;4_4&#8243; _builder_version=&#8220;4.27.4&#8243; _module_preset=&#8220;default&#8220; global_colors_info=&#8220;{}&#8220;][et_pb_cta title=&#8220;Termin vereinbaren&#8220; button_url=&#8220;https:\/\/iscmfoundation.org\/de\/termin-vereinbaren\/&#8220; button_text=&#8220;Anfrage senden&#8220; _builder_version=&#8220;4.27.4&#8243; _module_preset=&#8220;default&#8220; header_text_color=&#8220;#580100&#8243; background_enable_color=&#8220;off&#8220; global_colors_info=&#8220;{}&#8220;][\/et_pb_cta][\/et_pb_column][\/et_pb_row][\/et_pb_section]<\/p>\n","protected":false},"excerpt":{"rendered":"<p>SystemischeInfrastruktur-l\u00f6sungenIm Rahmen dieser zukunftsweisenden Initiative wird die Systemic Infrastructure Solutions GmbH mit Sitz in Wien, \u00d6sterreich, eine entscheidende Rolle bei der Implementierung gr\u00fcner, innovativer L\u00f6sungen f\u00fcr die Verarbeitung gef\u00e4hrlicher Baumaterialien spielen. Systemic Infrastructure Solutions GmbH wird sich auf Folgendes konzentrieren:Entfernung aller gef\u00e4hrlichen Eigenschaften aus AMF-Abf\u00e4llen (k\u00fcnstliche Mineralfasern), um sicherzustellen, dass diese nicht mehr als gef\u00e4hrlich [&hellip;]<\/p>\n","protected":false},"author":1,"featured_media":0,"parent":1514,"menu_order":0,"comment_status":"closed","ping_status":"closed","template":"","meta":{"_et_pb_use_builder":"on","_et_pb_old_content":"","_et_gb_content_width":"","footnotes":""},"class_list":["post-2714","page","type-page","status-publish","hentry"],"_links":{"self":[{"href":"https:\/\/iscmfoundation.org\/de\/wp-json\/wp\/v2\/pages\/2714","targetHints":{"allow":["GET"]}}],"collection":[{"href":"https:\/\/iscmfoundation.org\/de\/wp-json\/wp\/v2\/pages"}],"about":[{"href":"https:\/\/iscmfoundation.org\/de\/wp-json\/wp\/v2\/types\/page"}],"author":[{"embeddable":true,"href":"https:\/\/iscmfoundation.org\/de\/wp-json\/wp\/v2\/users\/1"}],"replies":[{"embeddable":true,"href":"https:\/\/iscmfoundation.org\/de\/wp-json\/wp\/v2\/comments?post=2714"}],"version-history":[{"count":10,"href":"https:\/\/iscmfoundation.org\/de\/wp-json\/wp\/v2\/pages\/2714\/revisions"}],"predecessor-version":[{"id":2777,"href":"https:\/\/iscmfoundation.org\/de\/wp-json\/wp\/v2\/pages\/2714\/revisions\/2777"}],"up":[{"embeddable":true,"href":"https:\/\/iscmfoundation.org\/de\/wp-json\/wp\/v2\/pages\/1514"}],"wp:attachment":[{"href":"https:\/\/iscmfoundation.org\/de\/wp-json\/wp\/v2\/media?parent=2714"}],"curies":[{"name":"wp","href":"https:\/\/api.w.org\/{rel}","templated":true}]}}