{"id":2269,"date":"2025-06-27T13:36:18","date_gmt":"2025-06-27T13:36:18","guid":{"rendered":"https:\/\/iscmfoundation.org\/soluciones\/systemic-food-solutions\/"},"modified":"2025-07-18T10:37:44","modified_gmt":"2025-07-18T10:37:44","slug":"systemic-food-solutions","status":"publish","type":"page","link":"https:\/\/iscmfoundation.org\/es\/soluciones\/systemic-food-solutions\/","title":{"rendered":"Systemic Food Solutions"},"content":{"rendered":"<p>[et_pb_section fb_built=\u00bb1&#8243; _builder_version=\u00bb4.27.4&#8243; _module_preset=\u00bbdefault\u00bb background_image=\u00bbhttps:\/\/iscmfoundation.org\/wp-content\/uploads\/2025\/06\/4d.Solutions-Page_SFS.jpg\u00bb height=\u00bb600px\u00bb height_tablet=\u00bb600px\u00bb height_phone=\u00bb300px\u00bb height_last_edited=\u00bbon|phone\u00bb hover_enabled=\u00bb0&#8243; global_colors_info=\u00bb{}\u00bb sticky_enabled=\u00bb0&#8243;][et_pb_row _builder_version=\u00bb4.27.4&#8243; _module_preset=\u00bbdefault\u00bb global_colors_info=\u00bb{}\u00bb][et_pb_column type=\u00bb4_4&#8243; _builder_version=\u00bb4.27.4&#8243; _module_preset=\u00bbdefault\u00bb global_colors_info=\u00bb{}\u00bb][et_pb_text _builder_version=\u00bb4.27.4&#8243; _module_preset=\u00bbdefault\u00bb header_text_color=\u00bb#7f925a\u00bb header_2_font=\u00bb|700|||||||\u00bb header_2_text_color=\u00bb#000000&#8243; header_2_font_size=\u00bb45px\u00bb header_2_line_height=\u00bb1.2em\u00bb custom_margin=\u00bb5%||||false|false\u00bb hover_enabled=\u00bb0&#8243; header_2_font_size_tablet=\u00bb\u00bb header_2_font_size_phone=\u00bb30px\u00bb header_2_font_size_last_edited=\u00bbon|phone\u00bb global_colors_info=\u00bb{}\u00bb sticky_enabled=\u00bb0&#8243;]<\/p>\n<h2>Soluciones alimentarias sist\u00e9micas<br \/><\/h2>\n<p>[\/et_pb_text][\/et_pb_column][\/et_pb_row][\/et_pb_section][et_pb_section fb_built=\u00bb1&#8243; _builder_version=\u00bb4.27.4&#8243; _module_preset=\u00bbdefault\u00bb custom_margin=\u00bb||0px||false|false\u00bb custom_padding=\u00bb||0px||false|false\u00bb global_colors_info=\u00bb{}\u00bb][et_pb_row _builder_version=\u00bb4.27.4&#8243; _module_preset=\u00bbdefault\u00bb global_colors_info=\u00bb{}\u00bb][et_pb_column type=\u00bb4_4&#8243; _builder_version=\u00bb4.27.4&#8243; _module_preset=\u00bbdefault\u00bb global_colors_info=\u00bb{}\u00bb][et_pb_text _builder_version=\u00bb4.27.4&#8243; _module_preset=\u00bbdefault\u00bb text_font_size=\u00bb16px\u00bb header_2_text_color=\u00bb#5960a8&#8243; header_3_font=\u00bb|700|||||||\u00bb header_3_text_color=\u00bb#333333&#8243; header_3_line_height=\u00bb1.2em\u00bb global_colors_info=\u00bb{}\u00bb]<\/p>\n<h3 style=\"text-align: center;\">Los escenarios demogr\u00e1ficos futuros incluyen los impactos del cambio clim\u00e1tico en la agricultura a nivel mundial, y es aqu\u00ed donde ISCM Foundation hace una contribuci\u00f3n activa.<\/h3>\n<p style=\"text-align: center;\">\n<p style=\"text-align: center;\">A trav\u00e9s de ISCM Investments, apoyamos actividades de recaudaci\u00f3n de fondos en beneficio de soluciones alimentarias nutritivas a nivel comunitario. Nuestro enfoque integrado es clave en todas nuestras actividades para apoyar una cadena de valor socioecon\u00f3mica y ambiental. Esto incluye el transporte de energ\u00eda, el almacenamiento, la cadena de fr\u00edo, el suministro de agua, etc. Nuestras soluciones deben contribuir a minimizar la huella de carbono, utilizando una log\u00edstica inteligente.   <\/p>\n<p>[\/et_pb_text][\/et_pb_column][\/et_pb_row][\/et_pb_section][et_pb_section fb_built=\u00bb1&#8243; admin_label=\u00bbSection\u00bb _builder_version=\u00bb4.27.4&#8243; _module_preset=\u00bbdefault\u00bb background_color=\u00bb#FFFFFF\u00bb custom_margin=\u00bb0px||0px||false|false\u00bb custom_padding=\u00bb0px||0px||false|false\u00bb global_module=\u00bb727&#8243; global_colors_info=\u00bb{}\u00bb][et_pb_row _builder_version=\u00bb4.27.4&#8243; _module_preset=\u00bbdefault\u00bb global_colors_info=\u00bb{}\u00bb][et_pb_column type=\u00bb4_4&#8243; _builder_version=\u00bb4.27.4&#8243; _module_preset=\u00bbdefault\u00bb global_colors_info=\u00bb{}\u00bb][et_pb_cta title=\u00bbProgramar una cita\u00bb button_url=\u00bbhttps:\/\/iscmfoundation.org\/es\/programar-cita\/\u00bb button_text=\u00bbEnviar solicitud\u00bb _builder_version=\u00bb4.27.4&#8243; _module_preset=\u00bbdefault\u00bb header_text_color=\u00bb#580100&#8243; background_enable_color=\u00bboff\u00bb global_colors_info=\u00bb{}\u00bb][\/et_pb_cta][\/et_pb_column][\/et_pb_row][\/et_pb_section]<\/p>\n","protected":false},"excerpt":{"rendered":"<p>Soluciones alimentarias sist\u00e9micasLos escenarios demogr\u00e1ficos futuros incluyen los impactos del cambio clim\u00e1tico en la agricultura a nivel mundial, y es aqu\u00ed donde ISCM Foundation hace una contribuci\u00f3n activa. A trav\u00e9s de ISCM Investments, apoyamos actividades de recaudaci\u00f3n de fondos en beneficio de soluciones alimentarias nutritivas a nivel comunitario. Nuestro enfoque integrado es clave en todas [&hellip;]<\/p>\n","protected":false},"author":1,"featured_media":0,"parent":1506,"menu_order":0,"comment_status":"closed","ping_status":"closed","template":"","meta":{"_et_pb_use_builder":"on","_et_pb_old_content":"","_et_gb_content_width":"","footnotes":""},"class_list":["post-2269","page","type-page","status-publish","hentry"],"_links":{"self":[{"href":"https:\/\/iscmfoundation.org\/es\/wp-json\/wp\/v2\/pages\/2269","targetHints":{"allow":["GET"]}}],"collection":[{"href":"https:\/\/iscmfoundation.org\/es\/wp-json\/wp\/v2\/pages"}],"about":[{"href":"https:\/\/iscmfoundation.org\/es\/wp-json\/wp\/v2\/types\/page"}],"author":[{"embeddable":true,"href":"https:\/\/iscmfoundation.org\/es\/wp-json\/wp\/v2\/users\/1"}],"replies":[{"embeddable":true,"href":"https:\/\/iscmfoundation.org\/es\/wp-json\/wp\/v2\/comments?post=2269"}],"version-history":[{"count":10,"href":"https:\/\/iscmfoundation.org\/es\/wp-json\/wp\/v2\/pages\/2269\/revisions"}],"predecessor-version":[{"id":2328,"href":"https:\/\/iscmfoundation.org\/es\/wp-json\/wp\/v2\/pages\/2269\/revisions\/2328"}],"up":[{"embeddable":true,"href":"https:\/\/iscmfoundation.org\/es\/wp-json\/wp\/v2\/pages\/1506"}],"wp:attachment":[{"href":"https:\/\/iscmfoundation.org\/es\/wp-json\/wp\/v2\/media?parent=2269"}],"curies":[{"name":"wp","href":"https:\/\/api.w.org\/{rel}","templated":true}]}}